
{"id":142610,"date":"2026-02-13T19:19:54","date_gmt":"2026-02-13T19:19:54","guid":{"rendered":"https:\/\/k2stand.com\/?post_type=product&#038;p=142610"},"modified":"2026-02-13T19:21:31","modified_gmt":"2026-02-13T19:21:31","slug":"tavlor-copie","status":"publish","type":"product","link":"https:\/\/k2stand.com\/sv\/product\/kitibook-it\/tavlor-copie\/","title":{"rendered":"Tavlor (Copie)"},"content":{"rendered":"<p>\ud83d\udcda Le Kitibook : le tout premier livre d\u2019\u00e9veil personnalis\u00e9 en tissu pour b\u00e9b\u00e9<\/p>\n<p>Le Kitibook est bien plus qu\u2019un simple livre d\u2019\u00e9veil b\u00e9b\u00e9 : c\u2019est un jouet \u00e9ducatif en tissu con\u00e7u pour accompagner les tout-petits de 0 \u00e0 6 ans dans leurs premi\u00e8res d\u00e9couvertes.<\/p>\n<p>Fabriqu\u00e9 \u00e0 partir de mati\u00e8res douces, sans colle ni impression, ce livre sensoriel lavable stimule la motricit\u00e9 fine, l\u2019autonomie, et l\u2019\u00e9veil sensoriel d\u00e8s les premiers mois. Chaque Kitibook est brod\u00e9 au pr\u00e9nom de l\u2019enfant, pour en faire un cadeau de naissance original et charg\u00e9 d\u2019\u00e9motion.<\/p>\n<p>Pens\u00e9 dans l\u2019esprit de la m\u00e9thode Montessori, ce livre d\u2019activit\u00e9 personnalis\u00e9 aide b\u00e9b\u00e9 \u00e0 apprendre en manipulant : scratch, boutons, fermetures \u00e9clair et textures vari\u00e9es. Il est enti\u00e8rement cousu \u00e0 la main, dans un format g\u00e9n\u00e9reux (28&#215;28 cm), id\u00e9al pour les petites mains.<\/p>\n<p>Vous choisissez vous-m\u00eame les planches \u00e0 int\u00e9grer dans le Kitibook, selon l\u2019\u00e2ge de votre enfant :<\/p>\n<p>\ud83d\udc49 d\u00e8s 6 mois pour les premi\u00e8res textures,<br \/>\n<br \/>\n\ud83d\udc49 d\u00e8s 12 mois pour les jeux de manipulation simples,<br \/>\n<br \/>\n\ud83d\udc49 jusqu\u2019\u00e0 6 ans pour les gestes du quotidien et les apprentissages ludiques (chiffres, lacets, etc.).<\/p>\n<p>Que ce soit pour un cadeau personnalis\u00e9 b\u00e9b\u00e9, un livre Montessori, ou un jouet d\u2019\u00e9veil lavable, Kitibook est la promesse d\u2019un souvenir durable, doux\u00a0et\u00a0\u00e9ducatif.<\/p>\n","protected":false},"excerpt":{"rendered":"<p>Ajoutez des activit\u00e9s selon l\u2019\u00e2ge, les envies ou les apprentissages de votre enfant<\/p>\n","protected":false},"featured_media":135101,"comment_status":"closed","ping_status":"closed","template":"","meta":[],"product_brand":[],"product_cat":[430],"product_tag":[728,671],"class_list":{"0":"post-142610","1":"product","2":"type-product","3":"status-publish","4":"has-post-thumbnail","6":"product_cat-kitibook-it","7":"product_tag-gift-new-it","8":"product_tag-steps-it","10":"first","11":"instock","12":"taxable","13":"shipping-taxable","14":"purchasable","15":"product-type-simple"},"_links":{"self":[{"href":"https:\/\/k2stand.com\/sv\/wp-json\/wp\/v2\/product\/142610","targetHints":{"allow":["GET"]}}],"collection":[{"href":"https:\/\/k2stand.com\/sv\/wp-json\/wp\/v2\/product"}],"about":[{"href":"https:\/\/k2stand.com\/sv\/wp-json\/wp\/v2\/types\/product"}],"replies":[{"embeddable":true,"href":"https:\/\/k2stand.com\/sv\/wp-json\/wp\/v2\/comments?post=142610"}],"version-history":[{"count":0,"href":"https:\/\/k2stand.com\/sv\/wp-json\/wp\/v2\/product\/142610\/revisions"}],"wp:featuredmedia":[{"embeddable":true,"href":"https:\/\/k2stand.com\/sv\/wp-json\/wp\/v2\/media\/135101"}],"wp:attachment":[{"href":"https:\/\/k2stand.com\/sv\/wp-json\/wp\/v2\/media?parent=142610"}],"wp:term":[{"taxonomy":"product_brand","embeddable":true,"href":"https:\/\/k2stand.com\/sv\/wp-json\/wp\/v2\/product_brand?post=142610"},{"taxonomy":"product_cat","embeddable":true,"href":"https:\/\/k2stand.com\/sv\/wp-json\/wp\/v2\/product_cat?post=142610"},{"taxonomy":"product_tag","embeddable":true,"href":"https:\/\/k2stand.com\/sv\/wp-json\/wp\/v2\/product_tag?post=142610"}],"curies":[{"name":"wp","href":"https:\/\/api.w.org\/{rel}","templated":true}]}}