
{"id":142188,"date":"2026-01-07T10:35:06","date_gmt":"2026-01-07T10:35:06","guid":{"rendered":"https:\/\/k2stand.com\/?post_type=product&#038;p=142188"},"modified":"2026-01-19T09:08:45","modified_gmt":"2026-01-19T09:08:45","slug":"series-promo","status":"publish","type":"product","link":"https:\/\/k2stand.com\/sv\/product\/kitibook-sv\/series-promo\/","title":{"rendered":"Kitibook"},"content":{"rendered":"<p>\ud83d\udcda Kitibook: den allra f\u00f6rsta personliga tygaktivitetsboken f\u00f6r bebisar<\/p>\n<p>Kitibook \u00e4r mycket mer \u00e4n bara en vanlig aktivitetsbok f\u00f6r bebisar \u2013 det \u00e4r en pedagogisk tygbok utformad f\u00f6r att f\u00f6lja sm\u00e5 barn mellan 0 och 6 \u00e5r i deras f\u00f6rsta uppt\u00e4ckter.<\/p>\n<p>Tillverkad av mjuka material, utan lim eller tryck, stimulerar denna tv\u00e4ttbara sinnesbok finmotorik, sj\u00e4lvst\u00e4ndighet och sensorisk utveckling redan fr\u00e5n de f\u00f6rsta m\u00e5naderna. Varje Kitibook \u00e4r broderad med barnets namn, vilket g\u00f6r den till en unik och k\u00e4nslofylld present vid f\u00f6dseln.<\/p>\n<p>Inspirerad av Montessori-metoden hj\u00e4lper denna personliga aktivitetsbok barnet att l\u00e4ra genom att manipulera: kardborre, knappar, dragkedjor och olika texturer. Den \u00e4r helt handsydd i ett gener\u00f6st format (28\u00d728 cm), perfekt f\u00f6r sm\u00e5 h\u00e4nder.<\/p>\n<p>Du v\u00e4ljer sj\u00e4lv vilka sidor som ska ing\u00e5 i Kitibook, beroende p\u00e5 ditt barns \u00e5lder:<\/p>\n<p>\ud83d\udc49 fr\u00e5n 6 m\u00e5nader f\u00f6r de f\u00f6rsta texturerna,<br \/>\n<br \/>\n\ud83d\udc49 fr\u00e5n 12 m\u00e5nader f\u00f6r enkla manipulationslekar,<br \/>\n<br \/>\n\ud83d\udc49 upp till 6 \u00e5r f\u00f6r vardagliga moment och lekfulla inl\u00e4rningar (siffror, sn\u00f6ren osv.).<\/p>\n<p>Oavsett om det \u00e4r en personlig baby-present, en Montessori-bok eller en tv\u00e4ttbar aktivitetsleksak \u00e4r Kitibook ett minne som \u00e4r h\u00e5llbart, mjukt och pedagogiskt.<\/p>\n","protected":false},"excerpt":{"rendered":"<p>Anpassningsbar aktivitetsbok f\u00f6r barn fr\u00e5n 10 m\u00e5nader till 6 \u00e5r<\/p>\n","protected":false},"featured_media":133820,"comment_status":"closed","ping_status":"closed","template":"","meta":[],"product_brand":[],"product_cat":[437],"product_tag":[593,673],"class_list":{"0":"post-142188","1":"product","2":"type-product","3":"status-publish","4":"has-post-thumbnail","6":"product_cat-kitibook-sv","7":"product_tag-kitibook-series-new-sv","8":"product_tag-steps-sv","10":"first","11":"instock","12":"taxable","13":"shipping-taxable","14":"purchasable","15":"product-type-simple"},"_links":{"self":[{"href":"https:\/\/k2stand.com\/sv\/wp-json\/wp\/v2\/product\/142188","targetHints":{"allow":["GET"]}}],"collection":[{"href":"https:\/\/k2stand.com\/sv\/wp-json\/wp\/v2\/product"}],"about":[{"href":"https:\/\/k2stand.com\/sv\/wp-json\/wp\/v2\/types\/product"}],"replies":[{"embeddable":true,"href":"https:\/\/k2stand.com\/sv\/wp-json\/wp\/v2\/comments?post=142188"}],"version-history":[{"count":0,"href":"https:\/\/k2stand.com\/sv\/wp-json\/wp\/v2\/product\/142188\/revisions"}],"wp:featuredmedia":[{"embeddable":true,"href":"https:\/\/k2stand.com\/sv\/wp-json\/wp\/v2\/media\/133820"}],"wp:attachment":[{"href":"https:\/\/k2stand.com\/sv\/wp-json\/wp\/v2\/media?parent=142188"}],"wp:term":[{"taxonomy":"product_brand","embeddable":true,"href":"https:\/\/k2stand.com\/sv\/wp-json\/wp\/v2\/product_brand?post=142188"},{"taxonomy":"product_cat","embeddable":true,"href":"https:\/\/k2stand.com\/sv\/wp-json\/wp\/v2\/product_cat?post=142188"},{"taxonomy":"product_tag","embeddable":true,"href":"https:\/\/k2stand.com\/sv\/wp-json\/wp\/v2\/product_tag?post=142188"}],"curies":[{"name":"wp","href":"https:\/\/api.w.org\/{rel}","templated":true}]}}