
{"id":137370,"date":"2025-10-30T20:39:41","date_gmt":"2025-10-30T20:39:41","guid":{"rendered":"https:\/\/k2stand.com\/?post_type=product&#038;p=137370"},"modified":"2025-11-10T16:56:49","modified_gmt":"2025-11-10T16:56:49","slug":"kitibook-b2b","status":"publish","type":"product","link":"https:\/\/k2stand.com\/sv\/product\/kitibook-sv\/kitibook-b2b\/","title":{"rendered":"Kitibook B2B"},"content":{"rendered":"","protected":false},"excerpt":{"rendered":"<p>Le Kitibook \u00e0 prix professionnel, exclusivement pour les revendeurs agr\u00e9\u00e9s<\/p>\n","protected":false},"featured_media":137406,"comment_status":"closed","ping_status":"closed","template":"","meta":[],"product_brand":[],"product_cat":[437],"product_tag":[680,673],"class_list":{"0":"post-137370","1":"product","2":"type-product","3":"status-publish","4":"has-post-thumbnail","6":"product_cat-kitibook-sv","7":"product_tag-kitibook-b2b-new-sv","8":"product_tag-steps-sv","10":"first","11":"instock","12":"taxable","13":"shipping-taxable","14":"purchasable","15":"product-type-simple"},"_links":{"self":[{"href":"https:\/\/k2stand.com\/sv\/wp-json\/wp\/v2\/product\/137370","targetHints":{"allow":["GET"]}}],"collection":[{"href":"https:\/\/k2stand.com\/sv\/wp-json\/wp\/v2\/product"}],"about":[{"href":"https:\/\/k2stand.com\/sv\/wp-json\/wp\/v2\/types\/product"}],"replies":[{"embeddable":true,"href":"https:\/\/k2stand.com\/sv\/wp-json\/wp\/v2\/comments?post=137370"}],"version-history":[{"count":0,"href":"https:\/\/k2stand.com\/sv\/wp-json\/wp\/v2\/product\/137370\/revisions"}],"wp:featuredmedia":[{"embeddable":true,"href":"https:\/\/k2stand.com\/sv\/wp-json\/wp\/v2\/media\/137406"}],"wp:attachment":[{"href":"https:\/\/k2stand.com\/sv\/wp-json\/wp\/v2\/media?parent=137370"}],"wp:term":[{"taxonomy":"product_brand","embeddable":true,"href":"https:\/\/k2stand.com\/sv\/wp-json\/wp\/v2\/product_brand?post=137370"},{"taxonomy":"product_cat","embeddable":true,"href":"https:\/\/k2stand.com\/sv\/wp-json\/wp\/v2\/product_cat?post=137370"},{"taxonomy":"product_tag","embeddable":true,"href":"https:\/\/k2stand.com\/sv\/wp-json\/wp\/v2\/product_tag?post=137370"}],"curies":[{"name":"wp","href":"https:\/\/api.w.org\/{rel}","templated":true}]}}