
{"id":136252,"date":"2023-08-17T15:56:52","date_gmt":"2023-08-17T15:56:52","guid":{"rendered":"https:\/\/k2stand.com\/?post_type=product&#038;p=136252"},"modified":"2025-11-29T12:33:20","modified_gmt":"2025-11-29T12:33:20","slug":"cadeaubon","status":"publish","type":"product","link":"https:\/\/k2stand.com\/nl\/product\/accessory-nl\/cadeaubon\/","title":{"rendered":"Cadeaubon"},"content":{"rendered":"","protected":false},"excerpt":{"rendered":"<p>Offrez un cadeau personnalis\u00e9, m\u00eame quand vous h\u00e9sitez !<\/p>\n","protected":false},"featured_media":136384,"comment_status":"closed","ping_status":"closed","template":"","meta":[],"product_brand":[],"product_cat":[419],"product_tag":[620],"class_list":{"0":"post-136252","1":"product","2":"type-product","3":"status-publish","4":"has-post-thumbnail","6":"product_cat-accessory-nl","7":"product_tag-gift-card-nl","9":"first","10":"instock","11":"virtual","12":"taxable","13":"purchasable","14":"product-type-simple"},"_links":{"self":[{"href":"https:\/\/k2stand.com\/nl\/wp-json\/wp\/v2\/product\/136252","targetHints":{"allow":["GET"]}}],"collection":[{"href":"https:\/\/k2stand.com\/nl\/wp-json\/wp\/v2\/product"}],"about":[{"href":"https:\/\/k2stand.com\/nl\/wp-json\/wp\/v2\/types\/product"}],"replies":[{"embeddable":true,"href":"https:\/\/k2stand.com\/nl\/wp-json\/wp\/v2\/comments?post=136252"}],"version-history":[{"count":0,"href":"https:\/\/k2stand.com\/nl\/wp-json\/wp\/v2\/product\/136252\/revisions"}],"wp:featuredmedia":[{"embeddable":true,"href":"https:\/\/k2stand.com\/nl\/wp-json\/wp\/v2\/media\/136384"}],"wp:attachment":[{"href":"https:\/\/k2stand.com\/nl\/wp-json\/wp\/v2\/media?parent=136252"}],"wp:term":[{"taxonomy":"product_brand","embeddable":true,"href":"https:\/\/k2stand.com\/nl\/wp-json\/wp\/v2\/product_brand?post=136252"},{"taxonomy":"product_cat","embeddable":true,"href":"https:\/\/k2stand.com\/nl\/wp-json\/wp\/v2\/product_cat?post=136252"},{"taxonomy":"product_tag","embeddable":true,"href":"https:\/\/k2stand.com\/nl\/wp-json\/wp\/v2\/product_tag?post=136252"}],"curies":[{"name":"wp","href":"https:\/\/api.w.org\/{rel}","templated":true}]}}