
{"id":139572,"date":"2025-10-23T21:13:14","date_gmt":"2025-10-23T21:13:14","guid":{"rendered":"https:\/\/k2stand.com\/?post_type=product&#038;p=139572"},"modified":"2026-02-21T19:12:46","modified_gmt":"2026-02-21T19:12:46","slug":"series","status":"publish","type":"product","link":"https:\/\/k2stand.com\/it\/product\/kitibook-it\/series\/","title":{"rendered":"Kitibook"},"content":{"rendered":"<p>\ud83d\udcda Il Kitibook: il primo libro di attivit\u00e0 in tessuto personalizzato per il tuo bambino<\/p>\n<p>Il Kitibook \u00e8 molto pi\u00f9 di un semplice libro attivit\u00e0 per beb\u00e8: \u00e8 un gioco educativo in tessuto pensato per accompagnare i pi\u00f9 piccoli dai 0 ai 6 anni nelle loro prime scoperte.<\/p>\n<p>Realizzato con materiali morbidi, sicuri e privi di stampa, questo libro sensoriale lavabile stimola la motricit\u00e0 fine, l\u2019autonomia e lo sviluppo sensoriale fin dai primi mesi. Ogni Kitibook \u00e8 ricamato con il nome del bambino, trasformandolo in un regalo di nascita originale e ricco di emozione.<\/p>\n<p>Ispirato al metodo Montessori, questo libro attivit\u00e0 personalizzato aiuta il bambino ad imparare attraverso la manipolazione: velcro, bottoni, cerniere e diverse texture. \u00c8 interamente cucito a mano, in un formato generoso (28\u00d728 cm), ideale per le piccole mani.<\/p>\n<p>Puoi scegliere tu stesso le pagine attivit\u00e0 da inserire nel Kitibook, in base all\u2019et\u00e0 del tuo bambino:<\/p>\n<p>\ud83d\udc49 dai 6 mesi per scoprire le prime texture,<br \/>\n<br \/>\n\ud83d\udc49 dai 12 mesi per semplici giochi di manipolazione,<br \/>\n<br \/>\n\ud83d\udc49 fino ai 6 anni per attivit\u00e0 quotidiane e apprendimenti ludici (numeri, lacci, ecc.).<\/p>\n<p>Che si tratti di un regalo personalizzato per beb\u00e8, di un libro Montessori o di un gioco educativo lavabile, Kitibook \u00e8 la promessa di un ricordo duraturo, morbido ed educativo.<\/p>\n","protected":false},"excerpt":{"rendered":"<p>Libro sensoriale personalizzabile per bambini dai 10 mesi ai 6 anni<\/p>\n","protected":false},"featured_media":129176,"comment_status":"closed","ping_status":"closed","template":"","meta":[],"product_brand":[],"product_cat":[430],"product_tag":[591,671],"class_list":{"0":"post-139572","1":"product","2":"type-product","3":"status-publish","4":"has-post-thumbnail","6":"product_cat-kitibook-it","7":"product_tag-kitibook-series-new-it","8":"product_tag-steps-it","10":"first","11":"instock","12":"taxable","13":"shipping-taxable","14":"purchasable","15":"product-type-simple"},"_links":{"self":[{"href":"https:\/\/k2stand.com\/it\/wp-json\/wp\/v2\/product\/139572","targetHints":{"allow":["GET"]}}],"collection":[{"href":"https:\/\/k2stand.com\/it\/wp-json\/wp\/v2\/product"}],"about":[{"href":"https:\/\/k2stand.com\/it\/wp-json\/wp\/v2\/types\/product"}],"replies":[{"embeddable":true,"href":"https:\/\/k2stand.com\/it\/wp-json\/wp\/v2\/comments?post=139572"}],"version-history":[{"count":0,"href":"https:\/\/k2stand.com\/it\/wp-json\/wp\/v2\/product\/139572\/revisions"}],"wp:featuredmedia":[{"embeddable":true,"href":"https:\/\/k2stand.com\/it\/wp-json\/wp\/v2\/media\/129176"}],"wp:attachment":[{"href":"https:\/\/k2stand.com\/it\/wp-json\/wp\/v2\/media?parent=139572"}],"wp:term":[{"taxonomy":"product_brand","embeddable":true,"href":"https:\/\/k2stand.com\/it\/wp-json\/wp\/v2\/product_brand?post=139572"},{"taxonomy":"product_cat","embeddable":true,"href":"https:\/\/k2stand.com\/it\/wp-json\/wp\/v2\/product_cat?post=139572"},{"taxonomy":"product_tag","embeddable":true,"href":"https:\/\/k2stand.com\/it\/wp-json\/wp\/v2\/product_tag?post=139572"}],"curies":[{"name":"wp","href":"https:\/\/api.w.org\/{rel}","templated":true}]}}