
{"id":136246,"date":"2023-08-17T15:56:52","date_gmt":"2023-08-17T15:56:52","guid":{"rendered":"https:\/\/k2stand.com\/?post_type=product&#038;p=136246"},"modified":"2025-11-29T12:44:36","modified_gmt":"2025-11-29T12:44:36","slug":"carta-regalo","status":"publish","type":"product","link":"https:\/\/k2stand.com\/it\/product\/accessory-it\/carta-regalo\/","title":{"rendered":"Carta regalo"},"content":{"rendered":"","protected":false},"excerpt":{"rendered":"<p>Offrez un cadeau personnalis\u00e9, m\u00eame quand vous h\u00e9sitez !<\/p>\n","protected":false},"featured_media":89412,"comment_status":"closed","ping_status":"closed","template":"","meta":[],"product_brand":[],"product_cat":[428],"product_tag":[623],"class_list":{"0":"post-136246","1":"product","2":"type-product","3":"status-publish","4":"has-post-thumbnail","6":"product_cat-accessory-it","7":"product_tag-gift-card-it","9":"first","10":"instock","11":"virtual","12":"taxable","13":"purchasable","14":"product-type-simple"},"_links":{"self":[{"href":"https:\/\/k2stand.com\/it\/wp-json\/wp\/v2\/product\/136246","targetHints":{"allow":["GET"]}}],"collection":[{"href":"https:\/\/k2stand.com\/it\/wp-json\/wp\/v2\/product"}],"about":[{"href":"https:\/\/k2stand.com\/it\/wp-json\/wp\/v2\/types\/product"}],"replies":[{"embeddable":true,"href":"https:\/\/k2stand.com\/it\/wp-json\/wp\/v2\/comments?post=136246"}],"version-history":[{"count":0,"href":"https:\/\/k2stand.com\/it\/wp-json\/wp\/v2\/product\/136246\/revisions"}],"wp:featuredmedia":[{"embeddable":true,"href":"https:\/\/k2stand.com\/it\/wp-json\/wp\/v2\/media\/89412"}],"wp:attachment":[{"href":"https:\/\/k2stand.com\/it\/wp-json\/wp\/v2\/media?parent=136246"}],"wp:term":[{"taxonomy":"product_brand","embeddable":true,"href":"https:\/\/k2stand.com\/it\/wp-json\/wp\/v2\/product_brand?post=136246"},{"taxonomy":"product_cat","embeddable":true,"href":"https:\/\/k2stand.com\/it\/wp-json\/wp\/v2\/product_cat?post=136246"},{"taxonomy":"product_tag","embeddable":true,"href":"https:\/\/k2stand.com\/it\/wp-json\/wp\/v2\/product_tag?post=136246"}],"curies":[{"name":"wp","href":"https:\/\/api.w.org\/{rel}","templated":true}]}}