
{"id":142553,"date":"2026-02-09T20:53:02","date_gmt":"2026-02-09T20:53:02","guid":{"rendered":"https:\/\/k2stand.com\/?post_type=product&#038;p=142553"},"modified":"2026-02-13T14:06:35","modified_gmt":"2026-02-13T14:06:35","slug":"heroes","status":"publish","type":"product","link":"https:\/\/k2stand.com\/es\/product\/accessory-es\/heroes\/","title":{"rendered":"H\u00e9roes"},"content":{"rendered":"<p>\ud83c\udfc6<\/p>\n<p>1\u20ac per character -\u200e\u200e \u200e<\/p>\n<p>#wapf_5172 &gt; div.wapf-wrapper &gt; div &gt; div.wapf-field-container.wapf-field-p.field-645ee76b997a8 &gt; div.wapf-field-label<\/p>\n<p>&lt;i class=\u00bbfa fa-truck\u00bb&gt;&lt;\/i&gt;<\/p>\n","protected":false},"excerpt":{"rendered":"<p>Figurines \u00e0 doigt interactives pour accompagner l\u2019\u00e9veil et le d\u00e9veloppement de votre enfant de 0 \u00e0 6 ans<\/p>\n","protected":false},"featured_media":129209,"comment_status":"closed","ping_status":"closed","template":"","meta":[],"product_brand":[],"product_cat":[435],"product_tag":[716,672],"class_list":{"0":"post-142553","1":"product","2":"type-product","3":"status-publish","4":"has-post-thumbnail","6":"product_cat-accessory-es","7":"product_tag-heroes-new-es","8":"product_tag-steps-es","10":"first","11":"instock","12":"taxable","13":"shipping-taxable","14":"purchasable","15":"product-type-simple"},"_links":{"self":[{"href":"https:\/\/k2stand.com\/es\/wp-json\/wp\/v2\/product\/142553","targetHints":{"allow":["GET"]}}],"collection":[{"href":"https:\/\/k2stand.com\/es\/wp-json\/wp\/v2\/product"}],"about":[{"href":"https:\/\/k2stand.com\/es\/wp-json\/wp\/v2\/types\/product"}],"replies":[{"embeddable":true,"href":"https:\/\/k2stand.com\/es\/wp-json\/wp\/v2\/comments?post=142553"}],"version-history":[{"count":0,"href":"https:\/\/k2stand.com\/es\/wp-json\/wp\/v2\/product\/142553\/revisions"}],"wp:featuredmedia":[{"embeddable":true,"href":"https:\/\/k2stand.com\/es\/wp-json\/wp\/v2\/media\/129209"}],"wp:attachment":[{"href":"https:\/\/k2stand.com\/es\/wp-json\/wp\/v2\/media?parent=142553"}],"wp:term":[{"taxonomy":"product_brand","embeddable":true,"href":"https:\/\/k2stand.com\/es\/wp-json\/wp\/v2\/product_brand?post=142553"},{"taxonomy":"product_cat","embeddable":true,"href":"https:\/\/k2stand.com\/es\/wp-json\/wp\/v2\/product_cat?post=142553"},{"taxonomy":"product_tag","embeddable":true,"href":"https:\/\/k2stand.com\/es\/wp-json\/wp\/v2\/product_tag?post=142553"}],"curies":[{"name":"wp","href":"https:\/\/api.w.org\/{rel}","templated":true}]}}