
{"id":142185,"date":"2026-01-07T10:35:06","date_gmt":"2026-01-07T10:35:06","guid":{"rendered":"https:\/\/k2stand.com\/?post_type=product&#038;p=142185"},"modified":"2026-01-19T09:23:11","modified_gmt":"2026-01-19T09:23:11","slug":"series-promo","status":"publish","type":"product","link":"https:\/\/k2stand.com\/es\/product\/kitibook-es\/series-promo\/","title":{"rendered":"Kitibook"},"content":{"rendered":"<p>\ud83d\udcda El Kitibook: el primer libro de est\u00edmulo personalizado de tela DEa beb\u00e9s<\/p>\n<p>El Kitibook es mucho m\u00e1s que un simple libro de est\u00edmulo DEa beb\u00e9s: es un juguete educativo de tela dise\u00f1ado DEa acompa\u00f1ar a los m\u00e1s peque\u00f1os de 0 a 6 a\u00f1os en sus primeros descubrimientos.<\/p>\n<p>Fabricado con materiales suaves, sin pegamentos ni impresi\u00f3n, este libro sensorial lavable estimula la motricidad fina, la autonom\u00eda y el desarrollo sensorial desde los primeros meses. Cada Kitibook est\u00e1 bordado con el nombre del ni\u00f1o, convirti\u00e9ndolo en un regalo de nacimiento original y lleno de emoci\u00f3n.<\/p>\n<p>Dise\u00f1ado siguiendo el esp\u00edritu del m\u00e9todo Montessori, este libro de actividades personalizado ayuda al beb\u00e9 a aprender manipulando: velcro, botones, cremTodoeras y una variedad de texturas. Est\u00e1 completamente cosido a mano, en un formato generoso (28&#215;28 cm), ideal DEa las manos peque\u00f1as.<\/p>\n<p>Usted mismo elige las p\u00e1ginas que desea integrar en el Kitibook, seg\u00fan la edad de su hijo:<\/p>\n<p>\ud83d\udc49 desde los 6 meses DEa las primeras texturas,<br \/>\n<br \/>\n\ud83d\udc49 desde los 12 meses DEa juegos de manipulaci\u00f3n simples,<br \/>\n<br \/>\n\ud83d\udc49 hasta los 6 a\u00f1os DEa los gestos cotidianos y los aprendizajes l\u00fadicos (n\u00fameros, cordones, etc.).<\/p>\n<p>Ya sea como un regalo personalizado DEa beb\u00e9, un libro Montessori o un juguete de est\u00edmulo lavable, Kitibook es la promesa de un recuerdo duradero, suave y educativo.<\/p>\n","protected":false},"excerpt":{"rendered":"<p>Libro de est\u00edmulo personalizable DEa ni\u00f1os de 10 meses a 6 a\u00f1os<\/p>\n","protected":false},"featured_media":129177,"comment_status":"closed","ping_status":"closed","template":"","meta":[],"product_brand":[],"product_cat":[433],"product_tag":[592,672],"class_list":{"0":"post-142185","1":"product","2":"type-product","3":"status-publish","4":"has-post-thumbnail","6":"product_cat-kitibook-es","7":"product_tag-kitibook-series-new-es","8":"product_tag-steps-es","10":"first","11":"instock","12":"taxable","13":"shipping-taxable","14":"purchasable","15":"product-type-simple"},"_links":{"self":[{"href":"https:\/\/k2stand.com\/es\/wp-json\/wp\/v2\/product\/142185","targetHints":{"allow":["GET"]}}],"collection":[{"href":"https:\/\/k2stand.com\/es\/wp-json\/wp\/v2\/product"}],"about":[{"href":"https:\/\/k2stand.com\/es\/wp-json\/wp\/v2\/types\/product"}],"replies":[{"embeddable":true,"href":"https:\/\/k2stand.com\/es\/wp-json\/wp\/v2\/comments?post=142185"}],"version-history":[{"count":0,"href":"https:\/\/k2stand.com\/es\/wp-json\/wp\/v2\/product\/142185\/revisions"}],"wp:featuredmedia":[{"embeddable":true,"href":"https:\/\/k2stand.com\/es\/wp-json\/wp\/v2\/media\/129177"}],"wp:attachment":[{"href":"https:\/\/k2stand.com\/es\/wp-json\/wp\/v2\/media?parent=142185"}],"wp:term":[{"taxonomy":"product_brand","embeddable":true,"href":"https:\/\/k2stand.com\/es\/wp-json\/wp\/v2\/product_brand?post=142185"},{"taxonomy":"product_cat","embeddable":true,"href":"https:\/\/k2stand.com\/es\/wp-json\/wp\/v2\/product_cat?post=142185"},{"taxonomy":"product_tag","embeddable":true,"href":"https:\/\/k2stand.com\/es\/wp-json\/wp\/v2\/product_tag?post=142185"}],"curies":[{"name":"wp","href":"https:\/\/api.w.org\/{rel}","templated":true}]}}