
{"id":136062,"date":"2025-02-25T15:36:42","date_gmt":"2025-02-25T15:36:42","guid":{"rendered":"https:\/\/k2stand.com\/?post_type=product&#038;p=136062"},"modified":"2025-11-22T22:27:05","modified_gmt":"2025-11-22T22:27:05","slug":"thematique","status":"publish","type":"product","link":"https:\/\/k2stand.com\/en\/product\/kitibook-en\/thematique\/","title":{"rendered":"Thematic Kitibook"},"content":{"rendered":"","protected":false},"excerpt":{"rendered":"<p>Livre d\u2019\u00e9veil pr\u00eat \u00e0 l\u2019emploi autour d\u2019un univers unique<\/p>\n","protected":false},"featured_media":129738,"comment_status":"closed","ping_status":"closed","template":"","meta":[],"product_brand":[],"product_cat":[421],"product_tag":[681],"class_list":{"0":"post-136062","1":"product","2":"type-product","3":"status-publish","4":"has-post-thumbnail","6":"product_cat-kitibook-en","7":"product_tag-kitibook-thematic-new-en","9":"first","10":"instock","11":"taxable","12":"shipping-taxable","13":"purchasable","14":"product-type-simple"},"_links":{"self":[{"href":"https:\/\/k2stand.com\/en\/wp-json\/wp\/v2\/product\/136062","targetHints":{"allow":["GET"]}}],"collection":[{"href":"https:\/\/k2stand.com\/en\/wp-json\/wp\/v2\/product"}],"about":[{"href":"https:\/\/k2stand.com\/en\/wp-json\/wp\/v2\/types\/product"}],"replies":[{"embeddable":true,"href":"https:\/\/k2stand.com\/en\/wp-json\/wp\/v2\/comments?post=136062"}],"version-history":[{"count":0,"href":"https:\/\/k2stand.com\/en\/wp-json\/wp\/v2\/product\/136062\/revisions"}],"wp:featuredmedia":[{"embeddable":true,"href":"https:\/\/k2stand.com\/en\/wp-json\/wp\/v2\/media\/129738"}],"wp:attachment":[{"href":"https:\/\/k2stand.com\/en\/wp-json\/wp\/v2\/media?parent=136062"}],"wp:term":[{"taxonomy":"product_brand","embeddable":true,"href":"https:\/\/k2stand.com\/en\/wp-json\/wp\/v2\/product_brand?post=136062"},{"taxonomy":"product_cat","embeddable":true,"href":"https:\/\/k2stand.com\/en\/wp-json\/wp\/v2\/product_cat?post=136062"},{"taxonomy":"product_tag","embeddable":true,"href":"https:\/\/k2stand.com\/en\/wp-json\/wp\/v2\/product_tag?post=136062"}],"curies":[{"name":"wp","href":"https:\/\/api.w.org\/{rel}","templated":true}]}}