
{"id":136242,"date":"2023-08-17T15:56:52","date_gmt":"2023-08-17T15:56:52","guid":{"rendered":"https:\/\/k2stand.com\/?post_type=product&#038;p=136242"},"modified":"2025-11-29T12:40:32","modified_gmt":"2025-11-29T12:40:32","slug":"geschenkkarte","status":"publish","type":"product","link":"https:\/\/k2stand.com\/de\/product\/accessory-de\/geschenkkarte\/","title":{"rendered":"Geschenkkarte"},"content":{"rendered":"","protected":false},"excerpt":{"rendered":"<p>Offrez un cadeau personnalis\u00e9, m\u00eame quand vous h\u00e9sitez !<\/p>\n","protected":false},"featured_media":89411,"comment_status":"closed","ping_status":"closed","template":"","meta":[],"product_brand":[],"product_cat":[424],"product_tag":[622],"class_list":{"0":"post-136242","1":"product","2":"type-product","3":"status-publish","4":"has-post-thumbnail","6":"product_cat-accessory-de","7":"product_tag-gift-card-de","9":"first","10":"instock","11":"virtual","12":"taxable","13":"purchasable","14":"product-type-simple"},"_links":{"self":[{"href":"https:\/\/k2stand.com\/de\/wp-json\/wp\/v2\/product\/136242","targetHints":{"allow":["GET"]}}],"collection":[{"href":"https:\/\/k2stand.com\/de\/wp-json\/wp\/v2\/product"}],"about":[{"href":"https:\/\/k2stand.com\/de\/wp-json\/wp\/v2\/types\/product"}],"replies":[{"embeddable":true,"href":"https:\/\/k2stand.com\/de\/wp-json\/wp\/v2\/comments?post=136242"}],"version-history":[{"count":0,"href":"https:\/\/k2stand.com\/de\/wp-json\/wp\/v2\/product\/136242\/revisions"}],"wp:featuredmedia":[{"embeddable":true,"href":"https:\/\/k2stand.com\/de\/wp-json\/wp\/v2\/media\/89411"}],"wp:attachment":[{"href":"https:\/\/k2stand.com\/de\/wp-json\/wp\/v2\/media?parent=136242"}],"wp:term":[{"taxonomy":"product_brand","embeddable":true,"href":"https:\/\/k2stand.com\/de\/wp-json\/wp\/v2\/product_brand?post=136242"},{"taxonomy":"product_cat","embeddable":true,"href":"https:\/\/k2stand.com\/de\/wp-json\/wp\/v2\/product_cat?post=136242"},{"taxonomy":"product_tag","embeddable":true,"href":"https:\/\/k2stand.com\/de\/wp-json\/wp\/v2\/product_tag?post=136242"}],"curies":[{"name":"wp","href":"https:\/\/api.w.org\/{rel}","templated":true}]}}