
{"id":136065,"date":"2025-02-25T15:36:42","date_gmt":"2025-02-25T15:36:42","guid":{"rendered":"https:\/\/k2stand.com\/?post_type=product&#038;p=136065"},"modified":"2025-11-22T22:28:18","modified_gmt":"2025-11-22T22:28:18","slug":"thematique","status":"publish","type":"product","link":"https:\/\/k2stand.com\/de\/product\/kitibook-de\/thematique\/","title":{"rendered":"Thematisches Kitibook"},"content":{"rendered":"","protected":false},"excerpt":{"rendered":"<p>Livre d\u2019\u00e9veil pr\u00eat \u00e0 l\u2019emploi autour d\u2019un univers unique<\/p>\n","protected":false},"featured_media":129739,"comment_status":"closed","ping_status":"closed","template":"","meta":[],"product_brand":[],"product_cat":[426],"product_tag":[685],"class_list":{"0":"post-136065","1":"product","2":"type-product","3":"status-publish","4":"has-post-thumbnail","6":"product_cat-kitibook-de","7":"product_tag-kitibook-thematic-new-de","9":"first","10":"instock","11":"taxable","12":"shipping-taxable","13":"purchasable","14":"product-type-simple"},"_links":{"self":[{"href":"https:\/\/k2stand.com\/de\/wp-json\/wp\/v2\/product\/136065","targetHints":{"allow":["GET"]}}],"collection":[{"href":"https:\/\/k2stand.com\/de\/wp-json\/wp\/v2\/product"}],"about":[{"href":"https:\/\/k2stand.com\/de\/wp-json\/wp\/v2\/types\/product"}],"replies":[{"embeddable":true,"href":"https:\/\/k2stand.com\/de\/wp-json\/wp\/v2\/comments?post=136065"}],"version-history":[{"count":0,"href":"https:\/\/k2stand.com\/de\/wp-json\/wp\/v2\/product\/136065\/revisions"}],"wp:featuredmedia":[{"embeddable":true,"href":"https:\/\/k2stand.com\/de\/wp-json\/wp\/v2\/media\/129739"}],"wp:attachment":[{"href":"https:\/\/k2stand.com\/de\/wp-json\/wp\/v2\/media?parent=136065"}],"wp:term":[{"taxonomy":"product_brand","embeddable":true,"href":"https:\/\/k2stand.com\/de\/wp-json\/wp\/v2\/product_brand?post=136065"},{"taxonomy":"product_cat","embeddable":true,"href":"https:\/\/k2stand.com\/de\/wp-json\/wp\/v2\/product_cat?post=136065"},{"taxonomy":"product_tag","embeddable":true,"href":"https:\/\/k2stand.com\/de\/wp-json\/wp\/v2\/product_tag?post=136065"}],"curies":[{"name":"wp","href":"https:\/\/api.w.org\/{rel}","templated":true}]}}