
{"id":130658,"date":"2023-09-30T14:01:32","date_gmt":"2023-09-30T14:01:32","guid":{"rendered":"https:\/\/k2stand.com\/wiederverkaeufer\/"},"modified":"2025-11-13T11:14:21","modified_gmt":"2025-11-13T11:14:21","slug":"wiederverkaeufer","status":"publish","type":"page","link":"https:\/\/k2stand.com\/de\/wiederverkaeufer\/","title":{"rendered":"Wiederverk\u00e4ufer"},"content":{"rendered":"\t\t<div data-elementor-type=\"wp-page\" data-elementor-id=\"130658\" class=\"elementor elementor-130658 elementor-50272\" data-elementor-post-type=\"page\">\n\t\t\t\t<div class=\"elementor-element elementor-element-62abd60 e-con-full elementor-hidden-desktop elementor-hidden-tablet elementor-hidden-mobile e-flex e-con e-parent\" data-id=\"62abd60\" data-element_type=\"container\" data-e-type=\"container\">\n\t\t<div class=\"elementor-element elementor-element-26ddd58 e-con-full e-flex e-con e-child\" data-id=\"26ddd58\" data-element_type=\"container\" data-e-type=\"container\" data-settings=\"{&quot;background_background&quot;:&quot;classic&quot;,&quot;background_motion_fx_motion_fx_scrolling&quot;:&quot;yes&quot;,&quot;background_motion_fx_translateY_effect&quot;:&quot;yes&quot;,&quot;background_motion_fx_translateY_speed&quot;:{&quot;unit&quot;:&quot;px&quot;,&quot;size&quot;:6,&quot;sizes&quot;:[]},&quot;background_motion_fx_translateY_affectedRange&quot;:{&quot;unit&quot;:&quot;%&quot;,&quot;size&quot;:&quot;&quot;,&quot;sizes&quot;:{&quot;start&quot;:0,&quot;end&quot;:100}},&quot;background_motion_fx_devices&quot;:[&quot;widescreen&quot;,&quot;desktop&quot;,&quot;laptop&quot;,&quot;tablet_extra&quot;,&quot;tablet&quot;,&quot;mobile_extra&quot;,&quot;mobile&quot;]}\">\n\t\t\t\t<div class=\"elementor-element elementor-element-005f540 elementor-widget elementor-widget-heading\" data-id=\"005f540\" data-element_type=\"widget\" data-e-type=\"widget\" data-widget_type=\"heading.default\">\n\t\t\t\t\t<h2 class=\"elementor-heading-title elementor-size-default\">Lieferung innerhalb von 5 Tagen<\/h2>\t\t\t\t<\/div>\n\t\t\t\t<div class=\"elementor-element elementor-element-f410622 elementor-widget elementor-widget-heading\" data-id=\"f410622\" data-element_type=\"widget\" data-e-type=\"widget\" data-widget_type=\"heading.default\">\n\t\t\t\t\t<h2 class=\"elementor-heading-title elementor-size-default\">F\u00fcr den Einzelhandel<\/h2>\t\t\t\t<\/div>\n\t\t\t\t<\/div>\n\t\t\t\t<\/div>\n\t\t<div class=\"elementor-element elementor-element-4dd210e elementor-hidden-desktop elementor-hidden-tablet elementor-hidden-mobile elementor-hidden-widescreen elementor-hidden-laptop elementor-hidden-tablet_extra elementor-hidden-mobile_extra e-flex e-con-boxed e-con e-parent\" data-id=\"4dd210e\" data-element_type=\"container\" data-e-type=\"container\">\n\t\t\t\t\t<div class=\"e-con-inner\">\n\t\t<div class=\"elementor-element elementor-element-7d30c7c e-con-full e-flex e-con e-child\" data-id=\"7d30c7c\" data-element_type=\"container\" data-e-type=\"container\">\n\t\t<div class=\"elementor-element elementor-element-982f8b0 e-con-full e-flex e-con e-child\" data-id=\"982f8b0\" data-element_type=\"container\" data-e-type=\"container\">\n\t\t<a class=\"elementor-element elementor-element-07027bc e-con-full e-flex e-con e-child\" data-id=\"07027bc\" data-element_type=\"container\" data-e-type=\"container\" data-settings=\"{&quot;background_background&quot;:&quot;classic&quot;}\" href=\"http:\/\/kitimimi.com\/fr\/product\/b2b-fr\/kit\/\">\n\t\t\t\t<div class=\"elementor-element elementor-element-2ea2bb6 elementor-position-top elementor-widget elementor-widget-image-box\" data-id=\"2ea2bb6\" data-element_type=\"widget\" data-e-type=\"widget\" data-widget_type=\"image-box.default\">\n\t\t\t\t\t<div class=\"elementor-image-box-wrapper\"><figure class=\"elementor-image-box-img\"><img decoding=\"async\" src=\"http:\/\/kitimimi.com\/wp-content\/uploads\/2023\/09\/B2B-elite-1.png\" title=\"\" alt=\"\" loading=\"lazy\" \/><\/figure><div class=\"elementor-image-box-content\"><h3 class=\"elementor-image-box-title\">INSTALLATIONSPAKETE<\/h3><p class=\"elementor-image-box-description\">F\u00fcr unsere neuen Adoptanten  <\/p><\/div><\/div>\t\t\t\t<\/div>\n\t\t\t\t<\/a>\n\t\t<a class=\"elementor-element elementor-element-f2165db e-con-full e-flex e-con e-child\" data-id=\"f2165db\" data-element_type=\"container\" data-e-type=\"container\" data-settings=\"{&quot;background_background&quot;:&quot;classic&quot;}\" href=\"http:\/\/kitimimi.com\/fr\/product\/b2b-fr\/vrac\/\">\n\t\t\t\t<div class=\"elementor-element elementor-element-f2ace25 elementor-position-top elementor-widget elementor-widget-image-box\" data-id=\"f2ace25\" data-element_type=\"widget\" data-e-type=\"widget\" data-widget_type=\"image-box.default\">\n\t\t\t\t\t<div class=\"elementor-image-box-wrapper\"><figure class=\"elementor-image-box-img\"><img decoding=\"async\" src=\"http:\/\/kitimimi.com\/wp-content\/uploads\/2023\/09\/B2B-bulk-thb-2.png\" title=\"\" alt=\"\" loading=\"lazy\" \/><\/figure><div class=\"elementor-image-box-content\"><h3 class=\"elementor-image-box-title\">GROSSHANDEL<\/h3><p class=\"elementor-image-box-description\">F\u00fcr Haushaltsbestellungen oder zur Auff\u00fcllung der Best\u00e4nde<\/p><\/div><\/div>\t\t\t\t<\/div>\n\t\t\t\t<\/a>\n\t\t<a class=\"elementor-element elementor-element-278ee24 e-con-full e-flex e-con e-child\" data-id=\"278ee24\" data-element_type=\"container\" data-e-type=\"container\" data-settings=\"{&quot;background_background&quot;:&quot;classic&quot;}\" href=\"http:\/\/kitimimi.com\/fr\/product\/b2b-fr\/gros\/\">\n\t\t\t\t<div class=\"elementor-element elementor-element-7070234 elementor-position-top elementor-widget elementor-widget-image-box\" data-id=\"7070234\" data-element_type=\"widget\" data-e-type=\"widget\" data-widget_type=\"image-box.default\">\n\t\t\t\t\t<div class=\"elementor-image-box-wrapper\"><figure class=\"elementor-image-box-img\"><img decoding=\"async\" src=\"http:\/\/kitimimi.com\/wp-content\/uploads\/2023\/09\/B2B-whole.png\" title=\"\" alt=\"\" loading=\"lazy\" \/><\/figure><div class=\"elementor-image-box-content\"><h3 class=\"elementor-image-box-title\">EN GROS<\/h3><p class=\"elementor-image-box-description\">F\u00fcr Bestellungen \u00fcber 5000EUR<\/p><\/div><\/div>\t\t\t\t<\/div>\n\t\t\t\t<\/a>\n\t\t\t\t<\/div>\n\t\t\t\t<div class=\"elementor-element elementor-element-e659836 elementor-widget elementor-widget-text-editor\" data-id=\"e659836\" data-element_type=\"widget\" data-e-type=\"widget\" data-widget_type=\"text-editor.default\">\n\t\t\t\t\t\t\t\t\t<p>Herzlich willkommen. W\u00e4hlen Sie das gew\u00fcnschte Angebot entsprechend Ihren Bed\u00fcrfnissen und Ihrem Budget. <\/p>\n\t\t\t\t\t\t\t\t<\/div>\n\t\t\t\t<\/div>\n\t\t\t\t\t<\/div>\n\t\t\t\t<\/div>\n\t\t<div class=\"elementor-element elementor-element-e9e58eb e-flex e-con-boxed e-con e-parent\" data-id=\"e9e58eb\" data-element_type=\"container\" data-e-type=\"container\">\n\t\t\t\t\t<div class=\"e-con-inner\">\n\t\t<div class=\"elementor-element elementor-element-6a31f40 e-flex e-con-boxed e-con e-child\" data-id=\"6a31f40\" data-element_type=\"container\" data-e-type=\"container\">\n\t\t\t\t\t<div class=\"e-con-inner\">\n\t\t\t\t<div class=\"elementor-element elementor-element-c3e56b7 elementor-widget elementor-widget-heading\" data-id=\"c3e56b7\" data-element_type=\"widget\" data-e-type=\"widget\" data-widget_type=\"heading.default\">\n\t\t\t\t\t<h2 class=\"elementor-heading-title elementor-size-default\">F\u00fcr Wiederverk\u00e4ufer<\/h2>\t\t\t\t<\/div>\n\t\t\t\t<div class=\"elementor-element elementor-element-df9c18e elementor-widget elementor-widget-text-editor\" data-id=\"df9c18e\" data-element_type=\"widget\" data-e-type=\"widget\" data-widget_type=\"text-editor.default\">\n\t\t\t\t\t\t\t\t\t<p>Lieferung innerhalb von 5 Tagen<\/p>\t\t\t\t\t\t\t\t<\/div>\n\t\t\t\t<div class=\"elementor-element elementor-element-cc11e3c elementor-widget__width-inherit elementor-widget elementor-widget-image\" data-id=\"cc11e3c\" data-element_type=\"widget\" data-e-type=\"widget\" data-widget_type=\"image.default\">\n\t\t\t\t\t\t\t\t\t\t\t\t\t\t\t<img decoding=\"async\" width=\"707\" height=\"833\" src=\"https:\/\/k2stand.com\/wp-content\/uploads\/2025\/09\/retailimage-e1734987172466.webp\" class=\"attachment-full size-full wp-image-137423\" alt=\"\" srcset=\"https:\/\/k2stand.com\/wp-content\/uploads\/2025\/09\/retailimage-e1734987172466.webp 707w, https:\/\/k2stand.com\/wp-content\/uploads\/2025\/09\/retailimage-e1734987172466-255x300.webp 255w, https:\/\/k2stand.com\/wp-content\/uploads\/2025\/09\/retailimage-e1734987172466-20x24.webp 20w, https:\/\/k2stand.com\/wp-content\/uploads\/2025\/09\/retailimage-e1734987172466-31x36.webp 31w, https:\/\/k2stand.com\/wp-content\/uploads\/2025\/09\/retailimage-e1734987172466-41x48.webp 41w, https:\/\/k2stand.com\/wp-content\/uploads\/2025\/09\/retailimage-e1734987172466-600x707.webp 600w\" sizes=\"auto, (max-width: 707px) 100vw, 707px\" loading=\"lazy\" \/>\t\t\t\t\t\t\t\t\t\t\t\t\t\t\t<\/div>\n\t\t\t\t\t<\/div>\n\t\t\t\t<\/div>\n\t\t<div class=\"elementor-element elementor-element-965b622 e-flex e-con-boxed e-con e-child\" data-id=\"965b622\" data-element_type=\"container\" data-e-type=\"container\">\n\t\t\t\t\t<div class=\"e-con-inner\">\n\t\t\t\t<div class=\"elementor-element elementor-element-b3e9159 elementor-widget elementor-widget-heading\" data-id=\"b3e9159\" data-element_type=\"widget\" data-e-type=\"widget\" data-widget_type=\"heading.default\">\n\t\t\t\t\t<h2 class=\"elementor-heading-title elementor-size-default\">Greifen Sie auf die B2B-Bestellseite zu<\/h2>\t\t\t\t<\/div>\n\t\t\t\t<div class=\"elementor-element elementor-element-f5520df elementor-align-left elementor-widget elementor-widget-button\" data-id=\"f5520df\" data-element_type=\"widget\" data-e-type=\"widget\" data-widget_type=\"button.default\">\n\t\t\t\t\t\t\t\t\t\t<a class=\"elementor-button elementor-button-link elementor-size-sm\" href=\"http:\/\/kitimimi.com\/de\/product\/kitibook-de\/kitibook-b2b\/\">\n\t\t\t\t\t\t<span class=\"elementor-button-content-wrapper\">\n\t\t\t\t\t\t\t\t\t<span class=\"elementor-button-text\">Ich habe den Zugangscode<\/span>\n\t\t\t\t\t<\/span>\n\t\t\t\t\t<\/a>\n\t\t\t\t\t\t\t\t<\/div>\n\t\t\t\t<div class=\"elementor-element elementor-element-bd40941 elementor-widget elementor-widget-heading\" data-id=\"bd40941\" data-element_type=\"widget\" data-e-type=\"widget\" data-widget_type=\"heading.default\">\n\t\t\t\t\t<h2 class=\"elementor-heading-title elementor-size-default\">Sie haben keinen Zugangscode? Kontaktieren Sie uns<\/h2>\t\t\t\t<\/div>\n\t\t\t\t<div class=\"elementor-element elementor-element-ec18079 elementor-widget elementor-widget-text-editor\" data-id=\"ec18079\" data-element_type=\"widget\" data-e-type=\"widget\" data-widget_type=\"text-editor.default\">\n\t\t\t\t\t\t\t\t\tBitte f\u00fcllen Sie dieses Formular aus, damit wir Ihnen den Zugangscode bereitstellen k\u00f6nnen\t\t\t\t\t\t\t\t<\/div>\n\t\t\t\t<div class=\"elementor-element elementor-element-259f2bc elementor-widget elementor-widget-text-editor\" data-id=\"259f2bc\" data-element_type=\"widget\" data-e-type=\"widget\" data-widget_type=\"text-editor.default\">\n\t\t\t\t\t\t\t\t\tsales@77.37.125.135\t\t\t\t\t\t\t\t<\/div>\n\t\t\t\t<div class=\"elementor-element elementor-element-d8adab0 elementor-button-align-start elementor-widget elementor-widget-form\" data-id=\"d8adab0\" data-element_type=\"widget\" data-e-type=\"widget\" data-settings=\"{&quot;step_next_label&quot;:&quot;N\\u00e4chster&quot;,&quot;step_previous_label&quot;:&quot;Vorherige&quot;,&quot;button_width&quot;:&quot;100&quot;,&quot;step_type&quot;:&quot;number_text&quot;,&quot;step_icon_shape&quot;:&quot;circle&quot;}\" data-widget_type=\"form.default\">\n\t\t\t\t\t\t\t<form class=\"elementor-form\" method=\"post\" name=\"Neues Formular\" aria-label=\"Neues Formular\">\n\t\t\t<input type=\"hidden\" name=\"post_id\" value=\"130658\"\/>\n\t\t\t<input type=\"hidden\" name=\"form_id\" value=\"d8adab0\"\/>\n\t\t\t<input type=\"hidden\" name=\"referer_title\" value=\"Wiederverk\u00e4ufer\" \/>\n\n\t\t\t\t\t\t\t<input type=\"hidden\" name=\"queried_id\" value=\"130658\"\/>\n\t\t\t\n\t\t\t<div class=\"elementor-form-fields-wrapper elementor-labels-\">\n\t\t\t\t\t\t\t\t<div class=\"elementor-field-type-text elementor-field-group elementor-column elementor-field-group-name elementor-col-100\">\n\t\t\t\t\t\t\t\t\t\t\t\t<label for=\"form-field-name\" class=\"elementor-field-label elementor-screen-only\">\n\t\t\t\t\t\t\t\tName\t\t\t\t\t\t\t<\/label>\n\t\t\t\t\t\t\t\t\t\t\t\t\t\t<input size=\"1\" type=\"text\" name=\"form_fields[name]\" id=\"form-field-name\" class=\"elementor-field elementor-size-sm  elementor-field-textual\" placeholder=\"Vollst\u00e4ndiger Name*.\">\n\t\t\t\t\t\t\t\t\t\t\t<\/div>\n\t\t\t\t\t\t\t\t<div class=\"elementor-field-type-email elementor-field-group elementor-column elementor-field-group-email elementor-col-100 elementor-field-required\">\n\t\t\t\t\t\t\t\t\t\t\t\t<label for=\"form-field-email\" class=\"elementor-field-label elementor-screen-only\">\n\t\t\t\t\t\t\t\tElektronische Post\t\t\t\t\t\t\t<\/label>\n\t\t\t\t\t\t\t\t\t\t\t\t\t\t<input size=\"1\" type=\"email\" name=\"form_fields[email]\" id=\"form-field-email\" class=\"elementor-field elementor-size-sm  elementor-field-textual\" placeholder=\"Elektronische Post*.\" required=\"required\">\n\t\t\t\t\t\t\t\t\t\t\t<\/div>\n\t\t\t\t\t\t\t\t<div class=\"elementor-field-type-tel elementor-field-group elementor-column elementor-field-group-field_f5ffd34 elementor-col-100\">\n\t\t\t\t\t\t\t\t\t\t\t\t<label for=\"form-field-field_f5ffd34\" class=\"elementor-field-label elementor-screen-only\">\n\t\t\t\t\t\t\t\tTel.\t\t\t\t\t\t\t<\/label>\n\t\t\t\t\t\t\t\t<input size=\"1\" type=\"tel\" name=\"form_fields[field_f5ffd34]\" id=\"form-field-field_f5ffd34\" class=\"elementor-field elementor-size-sm  elementor-field-textual\" placeholder=\"Telefonnummer\" pattern=\"[0-9()#&amp;+*-=.]+\" title=\"Nur Nummern oder Telefon-Zeichen (#, -, *, etc) werden akzeptiert.\">\n\n\t\t\t\t\t\t<\/div>\n\t\t\t\t\t\t\t\t<div class=\"elementor-field-type-text elementor-field-group elementor-column elementor-field-group-field_340162d elementor-col-100\">\n\t\t\t\t\t\t\t\t\t\t\t\t<label for=\"form-field-field_340162d\" class=\"elementor-field-label elementor-screen-only\">\n\t\t\t\t\t\t\t\tAdresse\t\t\t\t\t\t\t<\/label>\n\t\t\t\t\t\t\t\t\t\t\t\t\t\t<input size=\"1\" type=\"text\" name=\"form_fields[field_340162d]\" id=\"form-field-field_340162d\" class=\"elementor-field elementor-size-sm  elementor-field-textual\" placeholder=\"Adresse*.\">\n\t\t\t\t\t\t\t\t\t\t\t<\/div>\n\t\t\t\t\t\t\t\t<div class=\"elementor-field-type-text elementor-field-group elementor-column elementor-field-group-field_f05b082 elementor-col-50\">\n\t\t\t\t\t\t\t\t\t\t\t\t<label for=\"form-field-field_f05b082\" class=\"elementor-field-label elementor-screen-only\">\n\t\t\t\t\t\t\t\tUnternehmen\t\t\t\t\t\t\t<\/label>\n\t\t\t\t\t\t\t\t\t\t\t\t\t\t<input size=\"1\" type=\"text\" name=\"form_fields[field_f05b082]\" id=\"form-field-field_f05b082\" class=\"elementor-field elementor-size-sm  elementor-field-textual\" placeholder=\"Unternehmen\">\n\t\t\t\t\t\t\t\t\t\t\t<\/div>\n\t\t\t\t\t\t\t\t<div class=\"elementor-field-type-url elementor-field-group elementor-column elementor-field-group-field_2f07180 elementor-col-50\">\n\t\t\t\t\t\t\t\t\t\t\t\t<label for=\"form-field-field_2f07180\" class=\"elementor-field-label elementor-screen-only\">\n\t\t\t\t\t\t\t\tInternetseite\t\t\t\t\t\t\t<\/label>\n\t\t\t\t\t\t\t\t\t\t\t\t\t\t<input size=\"1\" type=\"url\" name=\"form_fields[field_2f07180]\" id=\"form-field-field_2f07180\" class=\"elementor-field elementor-size-sm  elementor-field-textual\" placeholder=\"Internetseite\">\n\t\t\t\t\t\t\t\t\t\t\t<\/div>\n\t\t\t\t\t\t\t\t<div class=\"elementor-field-type-textarea elementor-field-group elementor-column elementor-field-group-message elementor-col-100\">\n\t\t\t\t\t\t\t\t\t\t\t\t<label for=\"form-field-message\" class=\"elementor-field-label elementor-screen-only\">\n\t\t\t\t\t\t\t\tNachricht\t\t\t\t\t\t\t<\/label>\n\t\t\t\t\t\t<textarea class=\"elementor-field-textual elementor-field  elementor-size-sm\" name=\"form_fields[message]\" id=\"form-field-message\" rows=\"4\" placeholder=\"Ihre Nachricht hier...\"><\/textarea>\t\t\t\t<\/div>\n\t\t\t\t\t\t\t\t<div class=\"elementor-field-type-recaptcha_v3 elementor-field-group elementor-column elementor-field-group-field_748df5d elementor-col-100 recaptcha_v3-bottomright\">\n\t\t\t\t\t<div class=\"elementor-field\" id=\"form-field-field_748df5d\"><div class=\"elementor-g-recaptcha\" data-sitekey=\"6LcpQdYrAAAAANJEK9TGQuV2rifCvPeH0b1zeJTM\" data-type=\"v3\" data-action=\"Form\" data-badge=\"bottomright\" data-size=\"invisible\"><\/div><\/div>\t\t\t\t<\/div>\n\t\t\t\t\t\t\t\t<div class=\"elementor-field-group elementor-column elementor-field-type-submit elementor-col-100 e-form__buttons\">\n\t\t\t\t\t<button class=\"elementor-button elementor-size-md elementor-animation-shrink\" type=\"submit\" id=\"contact-submit\">\n\t\t\t\t\t\t<span class=\"elementor-button-content-wrapper\">\n\t\t\t\t\t\t\t\t\t\t\t\t\t\t\t\t\t\t\t\t\t\t<span class=\"elementor-button-text\">Senden Sie<\/span>\n\t\t\t\t\t\t\t\t\t\t\t\t\t<\/span>\n\t\t\t\t\t<\/button>\n\t\t\t\t<\/div>\n\t\t\t<\/div>\n\t\t<\/form>\n\t\t\t\t\t\t<\/div>\n\t\t<div class=\"elementor-element elementor-element-90cec37 elementor-hidden-widescreen elementor-hidden-desktop elementor-hidden-laptop elementor-hidden-tablet_extra elementor-hidden-tablet elementor-hidden-mobile_extra elementor-hidden-mobile e-con-full e-flex e-con e-child\" data-id=\"90cec37\" data-element_type=\"container\" data-e-type=\"container\">\n\t\t\t\t<div class=\"elementor-element elementor-element-0880180 elementor-widget elementor-widget-heading\" data-id=\"0880180\" data-element_type=\"widget\" data-e-type=\"widget\" data-widget_type=\"heading.default\">\n\t\t\t\t\t<h2 class=\"elementor-heading-title elementor-size-default\">Melden Sie sich an<\/h2>\t\t\t\t<\/div>\n\t\t\t\t<div class=\"elementor-element elementor-element-bbd7cfd elementor-widget elementor-widget-text-editor\" data-id=\"bbd7cfd\" data-element_type=\"widget\" data-e-type=\"widget\" data-widget_type=\"text-editor.default\">\n\t\t\t\t\t\t\t\t\t<p>Sie haben bereits ein H\u00e4ndlerkonto? Melden Sie sich an, um Zugang zu unserem Einzelhandelsgesch\u00e4ft zu erhalten. <\/p>\n\t\t\t\t\t\t\t\t<\/div>\n\t\t\t\t<div class=\"elementor-element elementor-element-9f95d0e elementor-button-align-center elementor-widget elementor-widget-login\" data-id=\"9f95d0e\" data-element_type=\"widget\" data-e-type=\"widget\" data-widget_type=\"login.default\">\n\t\t\t\t\t\t\t<form class=\"elementor-login elementor-form\" method=\"post\" action=\"https:\/\/k2stand.com\/de\/wp-login.php\" aria-label=\"Anmeldeformular\">\n\t\t\t<input type=\"hidden\" name=\"redirect_to\" value=\"\/for-retail\/\">\n\t\t\t<div class=\"elementor-form-fields-wrapper\">\n\t\t\t\t<div class=\"elementor-field-type-text elementor-field-group elementor-column elementor-col-100 elementor-field-required\">\n\t\t\t\t\t<label for=\"user-9f95d0e\" class=\"elementor-field-label elementor-screen-only\"><\/label>\n\t\t\t\t\t<input size=\"1\" type=\"text\" name=\"log\" id=\"user-9f95d0e\" placeholder=\"\" class=\"elementor-field elementor-field-textual elementor-size-sm\">\n\t\t\t\t<\/div>\n\t\t\t\t<div class=\"elementor-field-type-text elementor-field-group elementor-column elementor-col-100 elementor-field-required\">\n\t\t\t\t\t<label for=\"password-9f95d0e\" class=\"elementor-field-label elementor-screen-only\"><\/label>\n\t\t\t\t\t<input size=\"1\" type=\"password\" name=\"pwd\" id=\"password-9f95d0e\" placeholder=\"\" class=\"elementor-field elementor-field-textual elementor-size-sm\">\n\t\t\t\t<\/div>\n\n\t\t\t\t\t\t\t\t\t<div class=\"elementor-field-type-checkbox elementor-field-group elementor-column elementor-col-100 elementor-remember-me\">\n\t\t\t\t\t\t<label for=\"elementor-login-remember-me\">\n\t\t\t\t\t\t\t<input type=\"checkbox\" id=\"elementor-login-remember-me\" name=\"rememberme\" value=\"forever\">\n\t\t\t\t\t\t\tEingeloggt bleiben\t\t\t\t\t\t<\/label>\n\t\t\t\t\t<\/div>\n\t\t\t\t\n\t\t\t\t<div class=\"elementor-field-group elementor-column elementor-field-type-submit elementor-col-100\">\n\t\t\t\t\t<button type=\"submit\" class=\"elementor-size-sm elementor-animation-shrink elementor-button\" name=\"wp-submit\">\n\t\t\t\t\t\t\t\t\t\t\t\t\t\t\t<span class=\"elementor-button-text\">Sich identifizieren<\/span>\n\t\t\t\t\t\t\t\t\t\t\t\t<\/button>\n\t\t\t\t<\/div>\n\n\t\t\t\t\t\t\t\t\t<div class=\"elementor-field-group elementor-column elementor-col-100\">\n\t\t\t\t\t\t\t\t\t\t\t\t\t\t\t\t\t\t\t\t<a class=\"elementor-lost-password\" href=\"https:\/\/k2stand.com\/de\/profile\/lost-password\/\">\n\t\t\t\t\t\t\t\tPasswort vergessen?\t\t\t\t\t\t\t<\/a>\n\t\t\t\t\t\t\n\t\t\t\t\t\t\t\t\t\t\t<\/div>\n\t\t\t\t\t\t\t<\/div>\n\t\t<\/form>\n\t\t\t\t\t\t<\/div>\n\t\t\t\t<\/div>\n\t\t\t\t\t<\/div>\n\t\t\t\t<\/div>\n\t\t\t\t\t<\/div>\n\t\t\t\t<\/div>\n\t\t\t\t<\/div>\n\t\t","protected":false},"excerpt":{"rendered":"<p>Lieferung innerhalb von 5 Tagen F\u00fcr den Einzelhandel INSTALLATIONSPAKETE F\u00fcr unsere neuen Adoptanten GROSSHANDEL F\u00fcr Haushaltsbestellungen oder zur Auff\u00fcllung der Best\u00e4nde EN GROS F\u00fcr Bestellungen \u00fcber 5000EUR Herzlich willkommen. W\u00e4hlen Sie das gew\u00fcnschte Angebot entsprechend Ihren Bed\u00fcrfnissen und Ihrem Budget. F\u00fcr Wiederverk\u00e4ufer Lieferung innerhalb von 5 Tagen Greifen Sie auf die B2B-Bestellseite zu Ich habe [&hellip;]<\/p>\n","protected":false},"author":1,"featured_media":0,"parent":0,"menu_order":0,"comment_status":"closed","ping_status":"closed","template":"","meta":{"footnotes":""},"class_list":["post-130658","page","type-page","status-publish","hentry"],"_links":{"self":[{"href":"https:\/\/k2stand.com\/de\/wp-json\/wp\/v2\/pages\/130658","targetHints":{"allow":["GET"]}}],"collection":[{"href":"https:\/\/k2stand.com\/de\/wp-json\/wp\/v2\/pages"}],"about":[{"href":"https:\/\/k2stand.com\/de\/wp-json\/wp\/v2\/types\/page"}],"author":[{"embeddable":true,"href":"https:\/\/k2stand.com\/de\/wp-json\/wp\/v2\/users\/1"}],"replies":[{"embeddable":true,"href":"https:\/\/k2stand.com\/de\/wp-json\/wp\/v2\/comments?post=130658"}],"version-history":[{"count":0,"href":"https:\/\/k2stand.com\/de\/wp-json\/wp\/v2\/pages\/130658\/revisions"}],"wp:attachment":[{"href":"https:\/\/k2stand.com\/de\/wp-json\/wp\/v2\/media?parent=130658"}],"curies":[{"name":"wp","href":"https:\/\/api.w.org\/{rel}","templated":true}]}}