
{"id":142543,"date":"2026-02-09T20:53:02","date_gmt":"2026-02-09T20:53:02","guid":{"rendered":"https:\/\/k2stand.com\/?post_type=product&#038;p=142543"},"modified":"2026-02-13T13:59:05","modified_gmt":"2026-02-13T13:59:05","slug":"heroes","status":"publish","type":"product","link":"https:\/\/k2stand.com\/da\/product\/accessory-da\/heroes\/","title":{"rendered":"Helte"},"content":{"rendered":"<p>\ud83c\udfc6<\/p>\n<p>1\u20ac per character -\u200e\u200e \u200e<\/p>\n<p>#wapf_5172 &gt; div.wapf-wrapper &gt; div &gt; div.wapf-field-container.wapf-field-p.field-645ee76b997a8 &gt; div.wapf-field-label<\/p>\n<p>&lt;i class=&#8221;fa fa-truck&#8221;&gt;&lt;\/i&gt;<\/p>\n","protected":false},"excerpt":{"rendered":"<p>Figurines \u00e0 doigt interactives pour accompagner l\u2019\u00e9veil et le d\u00e9veloppement de votre enfant de 0 \u00e0 6 ans<\/p>\n","protected":false},"featured_media":130756,"comment_status":"closed","ping_status":"closed","template":"","meta":[],"product_brand":[],"product_cat":[414],"product_tag":[711,661],"class_list":{"0":"post-142543","1":"product","2":"type-product","3":"status-publish","4":"has-post-thumbnail","6":"product_cat-accessory-da","7":"product_tag-heroes-new-da","8":"product_tag-steps-da","10":"first","11":"instock","12":"taxable","13":"shipping-taxable","14":"purchasable","15":"product-type-simple"},"_links":{"self":[{"href":"https:\/\/k2stand.com\/da\/wp-json\/wp\/v2\/product\/142543","targetHints":{"allow":["GET"]}}],"collection":[{"href":"https:\/\/k2stand.com\/da\/wp-json\/wp\/v2\/product"}],"about":[{"href":"https:\/\/k2stand.com\/da\/wp-json\/wp\/v2\/types\/product"}],"replies":[{"embeddable":true,"href":"https:\/\/k2stand.com\/da\/wp-json\/wp\/v2\/comments?post=142543"}],"version-history":[{"count":0,"href":"https:\/\/k2stand.com\/da\/wp-json\/wp\/v2\/product\/142543\/revisions"}],"wp:featuredmedia":[{"embeddable":true,"href":"https:\/\/k2stand.com\/da\/wp-json\/wp\/v2\/media\/130756"}],"wp:attachment":[{"href":"https:\/\/k2stand.com\/da\/wp-json\/wp\/v2\/media?parent=142543"}],"wp:term":[{"taxonomy":"product_brand","embeddable":true,"href":"https:\/\/k2stand.com\/da\/wp-json\/wp\/v2\/product_brand?post=142543"},{"taxonomy":"product_cat","embeddable":true,"href":"https:\/\/k2stand.com\/da\/wp-json\/wp\/v2\/product_cat?post=142543"},{"taxonomy":"product_tag","embeddable":true,"href":"https:\/\/k2stand.com\/da\/wp-json\/wp\/v2\/product_tag?post=142543"}],"curies":[{"name":"wp","href":"https:\/\/api.w.org\/{rel}","templated":true}]}}